{"id":6752,"date":"2018-09-28T16:33:47","date_gmt":"2018-09-28T16:33:47","guid":{"rendered":"https:\/\/mrc-germany.de\/legal-notice\/"},"modified":"2018-10-02T10:14:38","modified_gmt":"2018-10-02T10:14:38","slug":"legal-notice","status":"publish","type":"page","link":"https:\/\/mrc-germany.de\/en\/legal-notice\/","title":{"rendered":"Legal notice"},"content":{"rendered":"<section class=\"l-section wpb_row height_medium\"><div class=\"l-section-h i-cf\"><div class=\"g-cols vc_row via_flex valign_top type_default stacking_default\"><div class=\"vc_col-sm-12 wpb_column vc_column_container\"><div class=\"vc_column-inner\"><div class=\"wpb_wrapper\"><div class=\"wpb_text_column\"><div class=\"wpb_wrapper\"><p><span id=\"result_box\" class=\"\" lang=\"en\"><span title=\"Angaben gem\u00e4\u00df \u00a7 5 TMG: \">According to \u00a7 5 TMG:<\/span><\/span><\/p>\n<p><span title=\"MRC Materials Research &amp; Consulting \">MRC Materials Research &amp; Consulting<br \/>\n<\/span><span title=\"Inh. Karsten Bleymehl \">Inh. Karsten Bleymehl<br \/>\n<\/span><span title=\"Piusstra\u00dfe 46 \">Pius Street 46<br \/>\n<\/span><span title=\"50823 K\u00f6ln \">50823 Cologne<\/span><\/p>\n<p><span title=\"Vertreten durch: \">Represented by:<br \/>\n<\/span><span title=\"Karsten Bleymehl \">Karsten Bleymehl<\/span><\/p>\n<p><span title=\"Kontakt: \">Contact:<br \/>\n<\/span><span title=\"T +49 221 169 240 95 \">T +49 221 169 240 95<br \/>\n<\/span><span title=\"F +49 221 169 240 96 \">F +49 221 169 240 96<\/span><\/p>\n<p><span title=\"info@materials-research.de \">info@materials-research.de<\/span><\/p>\n<p><span title=\"USt.-ID-Nr.: DE 293 287 251 \">VAT ID No .: DE 293 287 251<\/span><\/p>\n<p><span title=\"Bildnachweis \">Photo credit<br \/>\n<\/span><span title=\"Wir danken der Audi AG und der BMW Group f\u00fcr die Bereitstellung von Bildmaterial auf dieser Website. \">We thank Audi AG and the BMW Group for providing images on this website.<\/span><\/p>\n<p><span title=\"Quelle: \">Source:<br \/>\n<\/span><span title=\"Impressumgenerator \">Contacts generator of <\/span><span title=\"des Anwaltes S\u00f6ren Siebert \">the lawyer S\u00f6ren Siebert<\/span><\/p>\n<p><span title=\"Haftungsausschluss: \">Disclaimer:<\/span><\/p>\n<p><span title=\"Haftung f\u00fcr Inhalte \">Liability for content<br \/>\n<\/span><span title=\"Die Inhalte unserer Seiten wurden mit gr\u00f6\u00dfter Sorgfalt erstellt.\">The contents of our pages were created with great care. <\/span><span title=\"F\u00fcr die Richtigkeit, Vollst\u00e4ndigkeit und Aktualit\u00e4t der Inhalte k\u00f6nnen wir jedoch keine Gew\u00e4hr \u00fcbernehmen.\">However, we can not assume any liability for the accuracy, completeness and timeliness of the content. <\/span><span title=\"Als Diensteanbieter sind wir gem\u00e4\u00df \u00a7 7 Abs.1 TMG f\u00fcr eigene Inhalte auf diesen Seiten nach den allgemeinen Gesetzen verantwortlich.\">As a service provider we are responsible according to \u00a7 7 Abs.1 TMG for own contents on these sides according to the general laws. <\/span><span title=\"Nach \u00a7\u00a7 8 bis 10 TMG sind wir als Diensteanbieter jedoch nicht verpflichtet, \u00fcbermittelte oder gespeicherte fremde Informationen zu \u00fcberwachen oder nach Umst\u00e4nden zu forschen, die auf eine rechtswidrige T\u00e4tigkeit hinweisen.\">According to \u00a7\u00a7 8 to 10 TMG, however, we as a service provider are not obliged to monitor transmitted or stored external information or to investigate circumstances that indicate illegal activity. <\/span><span title=\"Verpflichtungen zur Entfernung oder Sperrung der Nutzung von Informationen nach den allgemeinen Gesetzen bleiben hiervon unber\u00fchrt.\">Obligations to remove or block the use of information under general law remain unaffected. <\/span><span title=\"Eine diesbez\u00fcgliche Haftung ist jedoch erst ab dem Zeitpunkt der Kenntnis einer konkreten Rechtsverletzung m\u00f6glich.\">A liability in this regard, however, is only possible from the date of knowledge of a specific infringement. <\/span><span title=\"Bei Bekanntwerden von entsprechenden Rechtsverletzungen werden wir diese Inhalte umgehend entfernen. \">Upon notification of appropriate violations, we will remove this content immediately.<\/span><\/p>\n<p><span title=\"Haftung f\u00fcr Links \">Liability for links<br \/>\n<\/span><span title=\"Unser Angebot enth\u00e4lt Links zu externen Webseiten Dritter, auf deren Inhalte wir keinen Einfluss haben.\">Our offer contains links to external websites of third parties on whose contents we have no influence. <\/span><span title=\"Deshalb k\u00f6nnen wir f\u00fcr diese fremden Inhalte auch keine Gew\u00e4hr \u00fcbernehmen.\">Therefore, we can not assume any liability for these external contents. <\/span><span title=\"F\u00fcr die Inhalte der verlinkten Seiten ist stets der jeweilige Anbieter oder Betreiber der Seiten verantwortlich.\">The respective provider or operator of the pages is always responsible for the contents of the linked pages. <\/span><span title=\"Die verlinkten Seiten wurden zum Zeitpunkt der Verlinkung auf m\u00f6gliche Rechtsverst\u00f6\u00dfe \u00fcberpr\u00fcft.\">The linked pages were checked for possible legal violations at the time of linking. <\/span><span title=\"Rechtswidrige Inhalte waren zum Zeitpunkt der Verlinkung nicht erkennbar.\">Illegal content was not recognizable at the time of linking. <\/span><span title=\"Eine permanente inhaltliche Kontrolle der verlinkten Seiten ist jedoch ohne konkrete Anhaltspunkte einer Rechtsverletzung nicht zumutbar.\">However, a permanent content control of the linked pages is not reasonable without concrete evidence of an infringement. <\/span><span title=\"Bei Bekanntwerden von Rechtsverletzungen werden wir derartige Links umgehend entfernen. \">Upon notification of violations, we will remove such links immediately.<\/span><\/p>\n<p><span title=\"Urheberrecht \">copyright<br \/>\n<\/span><span title=\"Die durch die Seitenbetreiber erstellten Inhalte und Werke auf diesen Seiten unterliegen dem deutschen Urheberrecht.\">The content and works on these pages created by the site operators are subject to German copyright law. <\/span><span title=\"Die Vervielf\u00e4ltigung, Bearbeitung, Verbreitung und jede Art der Verwertung au\u00dferhalb der Grenzen des Urheberrechtes bed\u00fcrfen der schriftlichen Zustimmung des jeweiligen Autors bzw. Erstellers.\">The reproduction, processing, distribution and any kind of exploitation outside the limits of copyright require the written consent of the respective author or creator. <\/span><span title=\"Downloads und Kopien dieser Seite sind nur f\u00fcr den privaten, nicht kommerziellen Gebrauch gestattet.\">Downloads and copies of this site are for private, non-commercial use only. <\/span><span title=\"Soweit die Inhalte auf dieser Seite nicht vom Betreiber erstellt wurden, werden die Urheberrechte Dritter beachtet.\">As far as the contents on this side were not created by the operator, the copyrights of third parties are considered. <\/span><span title=\"Insbesondere werden Inhalte Dritter als solche gekennzeichnet.\">In particular contents of third parties are marked as such. <\/span><span title=\"Sollten Sie trotzdem auf eine Urheberrechtsverletzung aufmerksam werden, bitten wir um einen entsprechenden Hinweis.\">If you should still be aware of a copyright infringement, we ask for a note. <\/span><span title=\"Bei Bekanntwerden von Rechtsverletzungen werden wir derartige Inhalte umgehend entfernen. \">Upon notification of violations, we will remove such content immediately.<\/span><\/p>\n<p><span title=\"Datenschutz \">data protection<br \/>\n<\/span><span title=\"Die Nutzung unserer Webseite ist in der Regel ohne Angabe personenbezogener Daten m\u00f6glich.\">The use of our website is usually possible without providing personal information. <\/span><span title=\"Soweit auf unseren Seiten personenbezogene Daten (beispielsweise Name, Anschrift oder eMail-Adressen) erhoben werden, erfolgt dies, soweit m\u00f6glich, stets auf freiwilliger Basis.\">As far as on our sides personal data (for example name, address or eMail addresses) are raised, this takes place, as far as possible, always on freiwilliger basis. <\/span><span title=\"Diese Daten werden ohne Ihre ausdr\u00fcckliche Zustimmung nicht an Dritte weitergegeben. \">These data will not be disclosed to third parties without your explicit consent.<br \/>\n<\/span><span title=\"Wir weisen darauf hin, dass die Daten\u00fcbertragung im Internet (z.B. bei der Kommunikation per E-Mail) Sicherheitsl\u00fccken aufweisen kann.\">Please note that data transmission over the Internet (for example, when communicating via e-mail) may have security vulnerabilities. <\/span><span title=\"Ein l\u00fcckenloser Schutz der Daten vor dem Zugriff durch Dritte ist nicht m\u00f6glich. \">A complete protection of the data from access by third parties is not possible.<br \/>\n<\/span><span title=\"Der Nutzung von im Rahmen der Impressumspflicht ver\u00f6ffentlichten Kontaktdaten durch Dritte zur \u00dcbersendung von nicht ausdr\u00fccklich angeforderter Werbung und Informationsmaterialien wird hiermit ausdr\u00fccklich widersprochen.\">The use of contact data published in the context of the imprint obligation by third parties for sending unsolicited advertising and information materials is hereby expressly excluded. <\/span><span title=\"Die Betreiber der Seiten behalten sich ausdr\u00fccklich rechtliche Schritte im Falle der unverlangten Zusendung von Werbeinformationen, etwa durch Spam-Mails, vor. \">The operators of the pages expressly reserve the right to take legal action in the event of the unsolicited sending of advertising information, such as spam e-mails.<\/span><\/p>\n<p><span title=\"Quellenangaben: Disclaimer eRecht24 \">Sources: Disclaimer eRecht24<\/span><\/p>\n<\/div><\/div><\/div><\/div><\/div><\/div><\/div><\/section>\n","protected":false},"excerpt":{"rendered":"According to \u00a7 5 TMG: MRC Materials Research &amp; Consulting Inh. Karsten Bleymehl Pius Street 46 50823 Cologne Represented by: Karsten Bleymehl Contact: T +49 221 169 240 95 F +49 221 169 240 96 info@materials-research.de VAT ID No .: DE 293 287 251 Photo credit We thank Audi AG and the BMW Group for...","protected":false},"author":1,"featured_media":0,"parent":0,"menu_order":0,"comment_status":"closed","ping_status":"closed","template":"","meta":{"footnotes":""},"class_list":["post-6752","page","type-page","status-publish","hentry"],"yoast_head":"<!-- This site is optimized with the Yoast SEO plugin v27.2 - https:\/\/yoast.com\/product\/yoast-seo-wordpress\/ -->\n<title>Legal notice | MRC \u2013 Materials Research &amp; Consulting<\/title>\n<meta name=\"robots\" content=\"index, follow, max-snippet:-1, max-image-preview:large, max-video-preview:-1\" \/>\n<link rel=\"canonical\" href=\"https:\/\/mrc-germany.de\/en\/legal-notice\/\" \/>\n<meta property=\"og:locale\" content=\"en_US\" \/>\n<meta property=\"og:type\" content=\"article\" \/>\n<meta property=\"og:title\" content=\"Legal notice | MRC \u2013 Materials Research &amp; Consulting\" \/>\n<meta property=\"og:url\" content=\"https:\/\/mrc-germany.de\/en\/legal-notice\/\" \/>\n<meta property=\"og:site_name\" content=\"MRC \u2013 Materials Research &amp; Consulting\" \/>\n<meta property=\"article:publisher\" content=\"https:\/\/www.facebook.com\/materialscout\/\" \/>\n<meta property=\"article:modified_time\" content=\"2018-10-02T10:14:38+00:00\" \/>\n<meta property=\"og:image\" content=\"https:\/\/mrc-germany.de\/wp-content\/uploads\/2018\/08\/Unsere-Kunden2.jpg\" \/>\n\t<meta property=\"og:image:width\" content=\"1920\" \/>\n\t<meta property=\"og:image:height\" content=\"598\" \/>\n\t<meta property=\"og:image:type\" content=\"image\/jpeg\" \/>\n<meta name=\"twitter:card\" content=\"summary_large_image\" \/>\n<meta name=\"twitter:label1\" content=\"Est. reading time\" \/>\n\t<meta name=\"twitter:data1\" content=\"3 minutes\" \/>\n<script type=\"application\/ld+json\" class=\"yoast-schema-graph\">{\"@context\":\"https:\/\/schema.org\",\"@graph\":[{\"@type\":\"WebPage\",\"@id\":\"https:\/\/mrc-germany.de\/en\/legal-notice\/\",\"url\":\"https:\/\/mrc-germany.de\/en\/legal-notice\/\",\"name\":\"Legal notice | MRC \u2013 Materials Research &amp; Consulting\",\"isPartOf\":{\"@id\":\"https:\/\/mrc-germany.de\/#website\"},\"datePublished\":\"2018-09-28T16:33:47+00:00\",\"dateModified\":\"2018-10-02T10:14:38+00:00\",\"breadcrumb\":{\"@id\":\"https:\/\/mrc-germany.de\/en\/legal-notice\/#breadcrumb\"},\"inLanguage\":\"en-US\",\"potentialAction\":[{\"@type\":\"ReadAction\",\"target\":[\"https:\/\/mrc-germany.de\/en\/legal-notice\/\"]}]},{\"@type\":\"BreadcrumbList\",\"@id\":\"https:\/\/mrc-germany.de\/en\/legal-notice\/#breadcrumb\",\"itemListElement\":[{\"@type\":\"ListItem\",\"position\":1,\"name\":\"Startseite\",\"item\":\"https:\/\/mrc-germany.de\/en\/\"},{\"@type\":\"ListItem\",\"position\":2,\"name\":\"Legal notice\"}]},{\"@type\":\"WebSite\",\"@id\":\"https:\/\/mrc-germany.de\/#website\",\"url\":\"https:\/\/mrc-germany.de\/\",\"name\":\"MRC \u2013 Materials Research &amp; Consulting\",\"description\":\"Neue Materialien f\u00fcr innovatives &amp; nachhaltiges Produktdesign\",\"publisher\":{\"@id\":\"https:\/\/mrc-germany.de\/#organization\"},\"potentialAction\":[{\"@type\":\"SearchAction\",\"target\":{\"@type\":\"EntryPoint\",\"urlTemplate\":\"https:\/\/mrc-germany.de\/?s={search_term_string}\"},\"query-input\":{\"@type\":\"PropertyValueSpecification\",\"valueRequired\":true,\"valueName\":\"search_term_string\"}}],\"inLanguage\":\"en-US\"},{\"@type\":\"Organization\",\"@id\":\"https:\/\/mrc-germany.de\/#organization\",\"name\":\"MRC \u2013 Materials Research & Consulting\",\"url\":\"https:\/\/mrc-germany.de\/\",\"logo\":{\"@type\":\"ImageObject\",\"inLanguage\":\"en-US\",\"@id\":\"https:\/\/mrc-germany.de\/#\/schema\/logo\/image\/\",\"url\":\"https:\/\/mrc-germany.de\/wp-content\/uploads\/2018\/03\/MRC-Logo-2014.jpg\",\"contentUrl\":\"https:\/\/mrc-germany.de\/wp-content\/uploads\/2018\/03\/MRC-Logo-2014.jpg\",\"width\":629,\"height\":155,\"caption\":\"MRC \u2013 Materials Research & Consulting\"},\"image\":{\"@id\":\"https:\/\/mrc-germany.de\/#\/schema\/logo\/image\/\"},\"sameAs\":[\"https:\/\/www.facebook.com\/materialscout\/\",\"https:\/\/www.linkedin.com\/in\/karsten-bleymehl-00a0409\/\"]}]}<\/script>\n<!-- \/ Yoast SEO plugin. -->","yoast_head_json":{"title":"Legal notice | MRC \u2013 Materials Research &amp; Consulting","robots":{"index":"index","follow":"follow","max-snippet":"max-snippet:-1","max-image-preview":"max-image-preview:large","max-video-preview":"max-video-preview:-1"},"canonical":"https:\/\/mrc-germany.de\/en\/legal-notice\/","og_locale":"en_US","og_type":"article","og_title":"Legal notice | MRC \u2013 Materials Research &amp; Consulting","og_url":"https:\/\/mrc-germany.de\/en\/legal-notice\/","og_site_name":"MRC \u2013 Materials Research &amp; Consulting","article_publisher":"https:\/\/www.facebook.com\/materialscout\/","article_modified_time":"2018-10-02T10:14:38+00:00","og_image":[{"width":1920,"height":598,"url":"https:\/\/mrc-germany.de\/wp-content\/uploads\/2018\/08\/Unsere-Kunden2.jpg","type":"image\/jpeg"}],"twitter_card":"summary_large_image","twitter_misc":{"Est. reading time":"3 minutes"},"schema":{"@context":"https:\/\/schema.org","@graph":[{"@type":"WebPage","@id":"https:\/\/mrc-germany.de\/en\/legal-notice\/","url":"https:\/\/mrc-germany.de\/en\/legal-notice\/","name":"Legal notice | MRC \u2013 Materials Research &amp; Consulting","isPartOf":{"@id":"https:\/\/mrc-germany.de\/#website"},"datePublished":"2018-09-28T16:33:47+00:00","dateModified":"2018-10-02T10:14:38+00:00","breadcrumb":{"@id":"https:\/\/mrc-germany.de\/en\/legal-notice\/#breadcrumb"},"inLanguage":"en-US","potentialAction":[{"@type":"ReadAction","target":["https:\/\/mrc-germany.de\/en\/legal-notice\/"]}]},{"@type":"BreadcrumbList","@id":"https:\/\/mrc-germany.de\/en\/legal-notice\/#breadcrumb","itemListElement":[{"@type":"ListItem","position":1,"name":"Startseite","item":"https:\/\/mrc-germany.de\/en\/"},{"@type":"ListItem","position":2,"name":"Legal notice"}]},{"@type":"WebSite","@id":"https:\/\/mrc-germany.de\/#website","url":"https:\/\/mrc-germany.de\/","name":"MRC \u2013 Materials Research &amp; Consulting","description":"Neue Materialien f\u00fcr innovatives &amp; nachhaltiges Produktdesign","publisher":{"@id":"https:\/\/mrc-germany.de\/#organization"},"potentialAction":[{"@type":"SearchAction","target":{"@type":"EntryPoint","urlTemplate":"https:\/\/mrc-germany.de\/?s={search_term_string}"},"query-input":{"@type":"PropertyValueSpecification","valueRequired":true,"valueName":"search_term_string"}}],"inLanguage":"en-US"},{"@type":"Organization","@id":"https:\/\/mrc-germany.de\/#organization","name":"MRC \u2013 Materials Research & Consulting","url":"https:\/\/mrc-germany.de\/","logo":{"@type":"ImageObject","inLanguage":"en-US","@id":"https:\/\/mrc-germany.de\/#\/schema\/logo\/image\/","url":"https:\/\/mrc-germany.de\/wp-content\/uploads\/2018\/03\/MRC-Logo-2014.jpg","contentUrl":"https:\/\/mrc-germany.de\/wp-content\/uploads\/2018\/03\/MRC-Logo-2014.jpg","width":629,"height":155,"caption":"MRC \u2013 Materials Research & Consulting"},"image":{"@id":"https:\/\/mrc-germany.de\/#\/schema\/logo\/image\/"},"sameAs":["https:\/\/www.facebook.com\/materialscout\/","https:\/\/www.linkedin.com\/in\/karsten-bleymehl-00a0409\/"]}]}},"_links":{"self":[{"href":"https:\/\/mrc-germany.de\/en\/wp-json\/wp\/v2\/pages\/6752","targetHints":{"allow":["GET"]}}],"collection":[{"href":"https:\/\/mrc-germany.de\/en\/wp-json\/wp\/v2\/pages"}],"about":[{"href":"https:\/\/mrc-germany.de\/en\/wp-json\/wp\/v2\/types\/page"}],"author":[{"embeddable":true,"href":"https:\/\/mrc-germany.de\/en\/wp-json\/wp\/v2\/users\/1"}],"replies":[{"embeddable":true,"href":"https:\/\/mrc-germany.de\/en\/wp-json\/wp\/v2\/comments?post=6752"}],"version-history":[{"count":2,"href":"https:\/\/mrc-germany.de\/en\/wp-json\/wp\/v2\/pages\/6752\/revisions"}],"predecessor-version":[{"id":6805,"href":"https:\/\/mrc-germany.de\/en\/wp-json\/wp\/v2\/pages\/6752\/revisions\/6805"}],"wp:attachment":[{"href":"https:\/\/mrc-germany.de\/en\/wp-json\/wp\/v2\/media?parent=6752"}],"curies":[{"name":"wp","href":"https:\/\/api.w.org\/{rel}","templated":true}]}}